{"id":29,"date":"2025-08-05T16:48:49","date_gmt":"2025-08-05T14:48:49","guid":{"rendered":"https:\/\/test.galanisz.shop\/?page_id=29"},"modified":"2025-08-11T10:03:30","modified_gmt":"2025-08-11T08:03:30","slug":"fooldal","status":"publish","type":"page","link":"https:\/\/aquantis.hu\/","title":{"rendered":"F\u0151oldal"},"content":{"rendered":"\t\t<div data-elementor-type=\"wp-page\" data-elementor-id=\"29\" class=\"elementor elementor-29\" data-elementor-post-type=\"page\">\n\t\t\t\t<div class=\"elementor-element elementor-element-cf90cf6 e-flex e-con-boxed e-con e-parent\" data-id=\"cf90cf6\" data-element_type=\"container\" data-e-type=\"container\">\n\t\t\t\t\t<div class=\"e-con-inner\">\n\t\t\t\t<div class=\"elementor-element elementor-element-8ea5eae elementor-widget elementor-widget-spacer\" data-id=\"8ea5eae\" data-element_type=\"widget\" data-e-type=\"widget\" data-widget_type=\"spacer.default\">\n\t\t\t\t<div class=\"elementor-widget-container\">\n\t\t\t\t\t\t\t<div class=\"elementor-spacer\">\n\t\t\t<div class=\"elementor-spacer-inner\"><\/div>\n\t\t<\/div>\n\t\t\t\t\t\t<\/div>\n\t\t\t\t<\/div>\n\t\t\t\t\t<\/div>\n\t\t\t\t<\/div>\n\t\t<div class=\"elementor-element elementor-element-c66c148 e-con-full e-flex e-con e-parent\" data-id=\"c66c148\" data-element_type=\"container\" data-e-type=\"container\">\n\t\t\t\t<div class=\"elementor-element elementor-element-581def4 elementor-widget elementor-widget-heading\" data-id=\"581def4\" data-element_type=\"widget\" data-e-type=\"widget\" data-widget_type=\"heading.default\">\n\t\t\t\t<div class=\"elementor-widget-container\">\n\t\t\t\t\t<h2 class=\"elementor-heading-title elementor-size-default\">L\u00e1togass el az Aquantis \u00c9lm\u00e9nyf\u00fcrd\u0151be, ahol a sz\u00f3rakoz\u00e1s \u00e9s a pihen\u00e9s t\u00f6k\u00e9letes harm\u00f3ni\u00e1ban tal\u00e1lkozik! \u00c9lvezd a v\u00edzi kalandokat a cs\u00faszd\u00e1n, lazulj a 36 fokos meleg viz\u0171 medenc\u00e9ben, vagy hozd el a gyerekeket a biztons\u00e1gos \u00e9s vid\u00e1m pancsol\u00f3ra! Az \u00e9lm\u00e9ny medence \u00e9s cs\u00faszdamedence izgalmas pillanatokat k\u00edn\u00e1l a feln\u0151tteknek \u00e9s a legkisebbeknek egyar\u00e1nt.\n<br><br>\nB\u00e1rmilyen programot keresel \u2013 akt\u00edv kikapcsol\u00f3d\u00e1st vagy pihentet\u0151 pillanatokat \u2013, az Aquantis \u00c9lm\u00e9nyf\u00fcrd\u0151 mindenkinek k\u00edn\u00e1l valami k\u00fcl\u00f6nlegeset. Emellett minden \u00e9vben csatlakozunk az \u00c9lm\u00e9nyf\u00fcrd\u0151k \u00c9jszak\u00e1ja esem\u00e9nyhez, \u00edgy egy k\u00fcl\u00f6nleges \u00e9jszakai \u00e9lm\u00e9nyt is biztos\u00edtunk l\u00e1togat\u00f3inknak. Gyere \u00e9s \u00e9lvezd a ny\u00e1ri napokat v\u00edzparti \u00e9lm\u00e9nyekkel!<\/h2>\t\t\t\t<\/div>\n\t\t\t\t<\/div>\n\t\t\t\t<div class=\"elementor-element elementor-element-a614ac9 elementor-widget elementor-widget-spacer\" data-id=\"a614ac9\" data-element_type=\"widget\" data-e-type=\"widget\" data-widget_type=\"spacer.default\">\n\t\t\t\t<div class=\"elementor-widget-container\">\n\t\t\t\t\t\t\t<div class=\"elementor-spacer\">\n\t\t\t<div class=\"elementor-spacer-inner\"><\/div>\n\t\t<\/div>\n\t\t\t\t\t\t<\/div>\n\t\t\t\t<\/div>\n\t\t\t\t<\/div>\n\t\t<div class=\"elementor-element elementor-element-1e10bc9 e-con-full e-flex e-con e-parent\" data-id=\"1e10bc9\" data-element_type=\"container\" data-e-type=\"container\" id=\"nyitvatartas\">\n\t\t\t\t<div class=\"elementor-element elementor-element-c60bed3 elementor-widget elementor-widget-heading\" data-id=\"c60bed3\" data-element_type=\"widget\" data-e-type=\"widget\" data-widget_type=\"heading.default\">\n\t\t\t\t<div class=\"elementor-widget-container\">\n\t\t\t\t\t<h2 class=\"elementor-heading-title elementor-size-default\">Nyitvatart\u00e1s<\/h2>\t\t\t\t<\/div>\n\t\t\t\t<\/div>\n\t\t\t\t<div class=\"elementor-element elementor-element-b8790c6 elementor-widget elementor-widget-text-editor\" data-id=\"b8790c6\" data-element_type=\"widget\" data-e-type=\"widget\" data-widget_type=\"text-editor.default\">\n\t\t\t\t<div class=\"elementor-widget-container\">\n\t\t\t\t\t\t\t\t\t<table border=\"0\" width=\"192\" cellspacing=\"0\" cellpadding=\"0\"><tbody><tr><td width=\"64\" height=\"19\">\u00a0<\/td><td class=\"xl65\" width=\"64\">Nyit\u00e1s<\/td><td class=\"xl65\" width=\"64\">Z\u00e1r\u00e1s<\/td><\/tr><tr><td class=\"xl65\" height=\"19\">H\u00e9tf\u0151<\/td><td class=\"xl66\">10:00<\/td><td class=\"xl66\">20:00<\/td><\/tr><tr><td class=\"xl65\" height=\"19\">Kedd<\/td><td class=\"xl66\">10:00<\/td><td class=\"xl66\">20:00<\/td><\/tr><tr><td class=\"xl65\" height=\"19\">Szerda<\/td><td class=\"xl66\">10:00<\/td><td class=\"xl66\">20:00<\/td><\/tr><tr><td class=\"xl65\" height=\"19\">Cs\u00fct\u00f6rt\u00f6k<\/td><td class=\"xl66\">10:00<\/td><td class=\"xl66\">20:00<\/td><\/tr><tr><td class=\"xl65\" height=\"19\">P\u00e9ntek<\/td><td class=\"xl66\">10:00<\/td><td class=\"xl66\">20:00<\/td><\/tr><tr><td class=\"xl65\" height=\"19\">Szombat<\/td><td class=\"xl66\">10:00<\/td><td class=\"xl66\">20:00<\/td><\/tr><tr><td class=\"xl65\" height=\"19\">Vas\u00e1rnap<\/td><td class=\"xl66\">10:00<\/td><td class=\"xl66\">20:00<\/td><\/tr><\/tbody><\/table>\t\t\t\t\t\t\t\t<\/div>\n\t\t\t\t<\/div>\n\t\t\t\t<div class=\"elementor-element elementor-element-c098156 elementor-widget elementor-widget-spacer\" data-id=\"c098156\" data-element_type=\"widget\" data-e-type=\"widget\" data-widget_type=\"spacer.default\">\n\t\t\t\t<div class=\"elementor-widget-container\">\n\t\t\t\t\t\t\t<div class=\"elementor-spacer\">\n\t\t\t<div class=\"elementor-spacer-inner\"><\/div>\n\t\t<\/div>\n\t\t\t\t\t\t<\/div>\n\t\t\t\t<\/div>\n\t\t\t\t<\/div>\n\t\t<div class=\"elementor-element elementor-element-c33f348 e-flex e-con-boxed e-con e-parent\" data-id=\"c33f348\" data-element_type=\"container\" data-e-type=\"container\" data-settings=\"{&quot;background_background&quot;:&quot;classic&quot;}\">\n\t\t\t\t\t<div class=\"e-con-inner\">\n\t\t\t\t<div class=\"elementor-element elementor-element-b7317a7 elementor-widget elementor-widget-spacer\" data-id=\"b7317a7\" data-element_type=\"widget\" data-e-type=\"widget\" data-widget_type=\"spacer.default\">\n\t\t\t\t<div class=\"elementor-widget-container\">\n\t\t\t\t\t\t\t<div class=\"elementor-spacer\">\n\t\t\t<div class=\"elementor-spacer-inner\"><\/div>\n\t\t<\/div>\n\t\t\t\t\t\t<\/div>\n\t\t\t\t<\/div>\n\t\t\t\t\t<\/div>\n\t\t\t\t<\/div>\n\t\t<div class=\"elementor-element elementor-element-63ec69b e-con-full e-flex e-con e-parent\" data-id=\"63ec69b\" data-element_type=\"container\" data-e-type=\"container\" id=\"arak\">\n\t\t\t\t<div class=\"elementor-element elementor-element-bf1045c elementor-widget elementor-widget-spacer\" data-id=\"bf1045c\" data-element_type=\"widget\" data-e-type=\"widget\" data-widget_type=\"spacer.default\">\n\t\t\t\t<div class=\"elementor-widget-container\">\n\t\t\t\t\t\t\t<div class=\"elementor-spacer\">\n\t\t\t<div class=\"elementor-spacer-inner\"><\/div>\n\t\t<\/div>\n\t\t\t\t\t\t<\/div>\n\t\t\t\t<\/div>\n\t\t\t\t<div class=\"elementor-element elementor-element-92e9c71 elementor-widget elementor-widget-heading\" data-id=\"92e9c71\" data-element_type=\"widget\" data-e-type=\"widget\" data-widget_type=\"heading.default\">\n\t\t\t\t<div class=\"elementor-widget-container\">\n\t\t\t\t\t<h2 class=\"elementor-heading-title elementor-size-default\">\u00c1rak<\/h2>\t\t\t\t<\/div>\n\t\t\t\t<\/div>\n\t\t\t\t<div class=\"elementor-element elementor-element-0c4cc6a elementor-widget elementor-widget-text-editor\" data-id=\"0c4cc6a\" data-element_type=\"widget\" data-e-type=\"widget\" data-widget_type=\"text-editor.default\">\n\t\t\t\t<div class=\"elementor-widget-container\">\n\t\t\t\t\t\t\t\t\t<table id=\"eael-data-table-44ea244\" class=\"tablesorter eael-data-table center\"><thead><tr class=\"table-header\"><th id=\"\" class=\"\" colspan=\"\">\u00a0<\/th><th id=\"\" class=\"\" colspan=\"\"><span class=\"data-table-header-text\">Teljes \u00e1r<\/span><\/th><th id=\"\" class=\"\" colspan=\"\"><span class=\"data-table-header-text\">Duna\u00fajv\u00e1rosi kedvezm\u00e9nyes \u00e1r<\/span><\/th><\/tr><\/thead><tbody><tr><td id=\"\" class=\"\" colspan=\"\" rowspan=\"\"><div class=\"td-content-wrapper\"><div class=\"td-content\">Feln\u0151tt<\/div><\/div><\/td><td id=\"\" class=\"\" colspan=\"\" rowspan=\"\"><div class=\"td-content-wrapper\"><div class=\"td-content\">5 500 .-<\/div><\/div><\/td><td id=\"\" class=\"\" colspan=\"\" rowspan=\"\"><div class=\"td-content-wrapper\"><div class=\"td-content\">2 750 .-<\/div><\/div><\/td><\/tr><tr><td id=\"\" class=\"\" colspan=\"\" rowspan=\"\"><div class=\"td-content-wrapper\"><div class=\"td-content\">Gyermek (3-7 \u00e9ves korig)<\/div><\/div><\/td><td id=\"\" class=\"\" colspan=\"\" rowspan=\"\"><div class=\"td-content-wrapper\"><div class=\"td-content\">3 500 .-<\/div><\/div><\/td><td id=\"\" class=\"\" colspan=\"\" rowspan=\"\"><div class=\"td-content-wrapper\"><div class=\"td-content\">1 750.-<\/div><\/div><\/td><\/tr><tr><td id=\"\" class=\"\" colspan=\"\" rowspan=\"\"><div class=\"td-content-wrapper\"><div class=\"td-content\">Di\u00e1k<\/div><\/div><\/td><td id=\"\" class=\"\" colspan=\"\" rowspan=\"\"><div class=\"td-content-wrapper\"><div class=\"td-content\">4000 .-<\/div><\/div><\/td><td id=\"\" class=\"\" colspan=\"\" rowspan=\"\"><div class=\"td-content-wrapper\"><div class=\"td-content\">2 000 .-<\/div><\/div><\/td><\/tr><tr><td id=\"\" class=\"\" colspan=\"\" rowspan=\"\"><div class=\"td-content-wrapper\"><div class=\"td-content\">Nyugd\u00edjas<\/div><\/div><\/td><td id=\"\" class=\"\" colspan=\"\" rowspan=\"\"><div class=\"td-content-wrapper\"><div class=\"td-content\">4000 .-<\/div><\/div><\/td><td id=\"\" class=\"\" colspan=\"\" rowspan=\"\"><div class=\"td-content-wrapper\"><div class=\"td-content\">2 000 .-<\/div><\/div><\/td><\/tr><tr><td id=\"\" class=\"\" colspan=\"\" rowspan=\"\"><div class=\"td-content-wrapper\"><div class=\"td-content\">Csal\u00e1di (2 feln\u0151tt + 1 gyermek)<\/div><\/div><\/td><td id=\"\" class=\"\" colspan=\"\" rowspan=\"\"><div class=\"td-content-wrapper\"><div class=\"td-content\">10 600 .-<\/div><\/div><\/td><td id=\"\" class=\"\" colspan=\"\" rowspan=\"\"><div class=\"td-content-wrapper\"><div class=\"td-content\">5 300 .-<\/div><\/div><\/td><\/tr><tr><td id=\"\" class=\"\" colspan=\"\" rowspan=\"\"><div class=\"td-content-wrapper\"><div class=\"td-content\">Kieg\u00e9sz\u00edt\u0151 \u2013 minden tov\u00e1bbi gyermek ut\u00e1n<\/div><\/div><\/td><td id=\"\" class=\"\" colspan=\"\" rowspan=\"\"><div class=\"td-content-wrapper\"><div class=\"td-content\">3 300 .-<\/div><\/div><\/td><td id=\"\" class=\"\" colspan=\"\" rowspan=\"\"><div class=\"td-content-wrapper\"><div class=\"td-content\">3 300 .-<\/div><\/div><\/td><\/tr><tr><td id=\"\" class=\"\" colspan=\"\" rowspan=\"\"><div class=\"td-content-wrapper\"><div class=\"td-content\">Feln\u0151tt d\u00e9lut\u00e1n 15:00 ut\u00e1n<\/div><\/div><\/td><td id=\"\" class=\"\" colspan=\"\" rowspan=\"\"><div class=\"td-content-wrapper\"><div class=\"td-content\">4 200 .-<\/div><\/div><\/td><td id=\"\" class=\"\" colspan=\"\" rowspan=\"\"><div class=\"td-content-wrapper\"><div class=\"td-content\">2 100 .-<\/div><\/div><\/td><\/tr><tr><td id=\"\" class=\"\" colspan=\"\" rowspan=\"\"><div class=\"td-content-wrapper\"><div class=\"td-content\">Gyermek d\u00e9lut\u00e1n 15:00 ut\u00e1n<\/div><\/div><\/td><td id=\"\" class=\"\" colspan=\"\" rowspan=\"\"><div class=\"td-content-wrapper\"><div class=\"td-content\">3 100 .-<\/div><\/div><\/td><td id=\"\" class=\"\" colspan=\"\" rowspan=\"\"><div class=\"td-content-wrapper\"><div class=\"td-content\">1 550 .-<\/div><\/div><\/td><\/tr><tr><td id=\"\" class=\"\" colspan=\"\" rowspan=\"\"><div class=\"td-content-wrapper\"><div class=\"td-content\">Di\u00e1k d\u00e9lut\u00e1n 15:00 ut\u00e1n<\/div><\/div><\/td><td id=\"\" class=\"\" colspan=\"\" rowspan=\"\"><div class=\"td-content-wrapper\"><div class=\"td-content\">3 100 .-<\/div><\/div><\/td><td id=\"\" class=\"\" colspan=\"\" rowspan=\"\"><div class=\"td-content-wrapper\"><div class=\"td-content\">1 550 .-<\/div><\/div><\/td><\/tr><tr><td id=\"\" class=\"\" colspan=\"\" rowspan=\"\"><div class=\"td-content-wrapper\"><div class=\"td-content\">Nyugd\u00edjas d\u00e9lut\u00e1n 15:00 ut\u00e1n<\/div><\/div><\/td><td id=\"\" class=\"\" colspan=\"\" rowspan=\"\"><div class=\"td-content-wrapper\"><div class=\"td-content\">3 100 .-<\/div><\/div><\/td><td id=\"\" class=\"\" colspan=\"\" rowspan=\"\"><div class=\"td-content-wrapper\"><div class=\"td-content\">1 550 .-<\/div><\/div><\/td><\/tr><tr><td id=\"\" class=\"\" colspan=\"\" rowspan=\"\"><div class=\"td-content-wrapper\"><div class=\"td-content\">B\u00e9rlet Feln\u0151tt 10 alkalom<\/div><\/div><\/td><td id=\"\" class=\"\" colspan=\"\" rowspan=\"\"><div class=\"td-content-wrapper\"><div class=\"td-content\">49 500 .-<\/div><\/div><\/td><td id=\"\" class=\"\" colspan=\"\" rowspan=\"\"><div class=\"td-content-wrapper\"><div class=\"td-content\">\u00a0<\/div><\/div><\/td><\/tr><tr><td id=\"\" class=\"\" colspan=\"\" rowspan=\"\"><div class=\"td-content-wrapper\"><div class=\"td-content\">B\u00e9rlet Gyermek 10 alkalom<\/div><\/div><\/td><td id=\"\" class=\"\" colspan=\"\" rowspan=\"\"><div class=\"td-content-wrapper\"><div class=\"td-content\">31 900 .-<\/div><\/div><\/td><td id=\"\" class=\"\" colspan=\"\" rowspan=\"\"><div class=\"td-content-wrapper\"><div class=\"td-content\">\u00a0<\/div><\/div><\/td><\/tr><tr><td id=\"\" class=\"\" colspan=\"\" rowspan=\"\"><div class=\"td-content-wrapper\"><div class=\"td-content\">B\u00e9rlet Di\u00e1k 10 alkalom<\/div><\/div><\/td><td id=\"\" class=\"\" colspan=\"\" rowspan=\"\"><div class=\"td-content-wrapper\"><div class=\"td-content\">36 300 .-<\/div><\/div><\/td><td id=\"\" class=\"\" colspan=\"\" rowspan=\"\"><div class=\"td-content-wrapper\"><div class=\"td-content\">\u00a0<\/div><\/div><\/td><\/tr><tr><td id=\"\" class=\"\" colspan=\"\" rowspan=\"\"><div class=\"td-content-wrapper\"><div class=\"td-content\">B\u00e9rlet Nyugd\u00edjas 10 alkalom<\/div><\/div><\/td><td id=\"\" class=\"\" colspan=\"\" rowspan=\"\"><div class=\"td-content-wrapper\"><div class=\"td-content\">36 300 .-<\/div><\/div><\/td><td id=\"\" class=\"\" colspan=\"\" rowspan=\"\"><div class=\"td-content-wrapper\"><div class=\"td-content\">\u00a0<\/div><\/div><\/td><\/tr><tr><td id=\"\" class=\"\" colspan=\"\" rowspan=\"\"><div class=\"td-content-wrapper\"><div class=\"td-content\">Dujv. Nyugd\u00edjas + di\u00e1k 50% (csak h\u00e9tf\u0151i napokon)<\/div><\/div><\/td><td id=\"\" class=\"\" colspan=\"\" rowspan=\"\"><div class=\"td-content-wrapper\"><div class=\"td-content\">\u00a0<\/div><\/div><\/td><td id=\"\" class=\"\" colspan=\"\" rowspan=\"\"><div class=\"td-content-wrapper\"><div class=\"td-content\">2 000 .-<\/div><\/div><\/td><\/tr><tr><td id=\"\" class=\"\" colspan=\"\" rowspan=\"\"><div class=\"td-content-wrapper\"><div class=\"td-content\">\u00c9rt\u00e9kmeg\u0151rz\u0151<\/div><\/div><\/td><td id=\"\" class=\"\" colspan=\"\" rowspan=\"\"><div class=\"td-content-wrapper\"><div class=\"td-content\">500 .-<\/div><\/div><\/td><td id=\"\" class=\"\" colspan=\"\" rowspan=\"\"><div class=\"td-content-wrapper\"><div class=\"td-content\">500 .-<\/div><\/div><\/td><\/tr><tr><td id=\"\" class=\"\" colspan=\"\" rowspan=\"\"><div class=\"td-content-wrapper\"><div class=\"td-content\">Elveszett kar\u00f3ra<\/div><\/div><\/td><td id=\"\" class=\"\" colspan=\"\" rowspan=\"\"><div class=\"td-content-wrapper\"><div class=\"td-content\">5 000 .-<\/div><\/div><\/td><td id=\"\" class=\"\" colspan=\"\" rowspan=\"\"><div class=\"td-content-wrapper\"><div class=\"td-content\">5 000 .-<\/div><\/div><\/td><\/tr><tr><td id=\"\" class=\"\" colspan=\"\" rowspan=\"\"><div class=\"td-content-wrapper\"><div class=\"td-content\">Cs\u00faszda jegy<\/div><\/div><\/td><td id=\"\" class=\"\" colspan=\"\" rowspan=\"\"><div class=\"td-content-wrapper\"><div class=\"td-content\">ingyenes<\/div><\/div><\/td><td id=\"\" class=\"\" colspan=\"\" rowspan=\"\"><div class=\"td-content-wrapper\"><div class=\"td-content\">ingyenes<\/div><\/div><\/td><\/tr><tr><td id=\"\" class=\"\" colspan=\"\" rowspan=\"\"><div class=\"td-content-wrapper\"><div class=\"td-content\">\u00d3ra kauci\u00f3<\/div><\/div><\/td><td id=\"\" class=\"\" colspan=\"\" rowspan=\"\"><div class=\"td-content-wrapper\"><div class=\"td-content\">500 .-<\/div><\/div><\/td><td id=\"\" class=\"\" colspan=\"\" rowspan=\"\"><div class=\"td-content-wrapper\"><div class=\"td-content\">500 .-<\/div><\/div><\/td><\/tr><\/tbody><\/table>\t\t\t\t\t\t\t\t<\/div>\n\t\t\t\t<\/div>\n\t\t\t\t<div class=\"elementor-element elementor-element-73acef8 elementor-widget elementor-widget-spacer\" data-id=\"73acef8\" data-element_type=\"widget\" data-e-type=\"widget\" data-widget_type=\"spacer.default\">\n\t\t\t\t<div class=\"elementor-widget-container\">\n\t\t\t\t\t\t\t<div class=\"elementor-spacer\">\n\t\t\t<div class=\"elementor-spacer-inner\"><\/div>\n\t\t<\/div>\n\t\t\t\t\t\t<\/div>\n\t\t\t\t<\/div>\n\t\t\t\t<\/div>\n\t\t<div class=\"elementor-element elementor-element-63bc2ae e-flex e-con-boxed e-con e-parent\" data-id=\"63bc2ae\" data-element_type=\"container\" data-e-type=\"container\" data-settings=\"{&quot;background_background&quot;:&quot;classic&quot;}\">\n\t\t\t\t\t<div class=\"e-con-inner\">\n\t\t\t\t<div class=\"elementor-element elementor-element-980e919 elementor-widget elementor-widget-spacer\" data-id=\"980e919\" data-element_type=\"widget\" data-e-type=\"widget\" data-widget_type=\"spacer.default\">\n\t\t\t\t<div class=\"elementor-widget-container\">\n\t\t\t\t\t\t\t<div class=\"elementor-spacer\">\n\t\t\t<div class=\"elementor-spacer-inner\"><\/div>\n\t\t<\/div>\n\t\t\t\t\t\t<\/div>\n\t\t\t\t<\/div>\n\t\t\t\t\t<\/div>\n\t\t\t\t<\/div>\n\t\t<div class=\"elementor-element elementor-element-b49e39f e-con-full e-flex e-con e-parent\" data-id=\"b49e39f\" data-element_type=\"container\" data-e-type=\"container\">\n\t\t\t\t<div class=\"elementor-element elementor-element-445b978 elementor-widget elementor-widget-spacer\" data-id=\"445b978\" data-element_type=\"widget\" data-e-type=\"widget\" data-widget_type=\"spacer.default\">\n\t\t\t\t<div class=\"elementor-widget-container\">\n\t\t\t\t\t\t\t<div class=\"elementor-spacer\">\n\t\t\t<div class=\"elementor-spacer-inner\"><\/div>\n\t\t<\/div>\n\t\t\t\t\t\t<\/div>\n\t\t\t\t<\/div>\n\t\t\t\t<div class=\"elementor-element elementor-element-9533b84 elementor-widget elementor-widget-heading\" data-id=\"9533b84\" data-element_type=\"widget\" data-e-type=\"widget\" id=\"elerhetosegek\" data-widget_type=\"heading.default\">\n\t\t\t\t<div class=\"elementor-widget-container\">\n\t\t\t\t\t<h2 class=\"elementor-heading-title elementor-size-default\">\nKapcsolat<br>\n2400 Duna\u00fajv\u00e1ros, \u00c9p\u00edt\u0151k \u00fatja 7\/A.<br>\nE-mail: elmenyfurdo@dvgzrt.hu<br>\nTelefon: 06-25\/ 551-446<br>\n<\/h2>\t\t\t\t<\/div>\n\t\t\t\t<\/div>\n\t\t\t\t<div class=\"elementor-element elementor-element-4936707 elementor-widget elementor-widget-google_maps\" data-id=\"4936707\" data-element_type=\"widget\" data-e-type=\"widget\" data-widget_type=\"google_maps.default\">\n\t\t\t\t<div class=\"elementor-widget-container\">\n\t\t\t\t\t\t\t<div class=\"elementor-custom-embed\">\n\t\t\t<iframe loading=\"lazy\"\n\t\t\t\t\tsrc=\"https:\/\/maps.google.com\/maps?q=Duna%C3%BAjv%C3%A1ros%20Aquantis%20%C3%89Lm%C3%A9nyf%C3%BCrd%C5%91&#038;t=m&#038;z=16&#038;output=embed&#038;iwloc=near\"\n\t\t\t\t\ttitle=\"Duna\u00fajv\u00e1ros Aquantis \u00c9Lm\u00e9nyf\u00fcrd\u0151\"\n\t\t\t\t\taria-label=\"Duna\u00fajv\u00e1ros Aquantis \u00c9Lm\u00e9nyf\u00fcrd\u0151\"\n\t\t\t><\/iframe>\n\t\t<\/div>\n\t\t\t\t\t\t<\/div>\n\t\t\t\t<\/div>\n\t\t\t\t<div class=\"elementor-element elementor-element-25b7aaa elementor-widget elementor-widget-spacer\" data-id=\"25b7aaa\" data-element_type=\"widget\" data-e-type=\"widget\" data-widget_type=\"spacer.default\">\n\t\t\t\t<div class=\"elementor-widget-container\">\n\t\t\t\t\t\t\t<div class=\"elementor-spacer\">\n\t\t\t<div class=\"elementor-spacer-inner\"><\/div>\n\t\t<\/div>\n\t\t\t\t\t\t<\/div>\n\t\t\t\t<\/div>\n\t\t\t\t<\/div>\n\t\t<div class=\"elementor-element elementor-element-3bd34e5 e-flex e-con-boxed e-con e-parent\" data-id=\"3bd34e5\" data-element_type=\"container\" data-e-type=\"container\" data-settings=\"{&quot;background_background&quot;:&quot;classic&quot;}\">\n\t\t\t\t\t<div class=\"e-con-inner\">\n\t\t\t\t<div class=\"elementor-element elementor-element-5ff2450 elementor-widget elementor-widget-spacer\" data-id=\"5ff2450\" data-element_type=\"widget\" data-e-type=\"widget\" data-widget_type=\"spacer.default\">\n\t\t\t\t<div class=\"elementor-widget-container\">\n\t\t\t\t\t\t\t<div class=\"elementor-spacer\">\n\t\t\t<div class=\"elementor-spacer-inner\"><\/div>\n\t\t<\/div>\n\t\t\t\t\t\t<\/div>\n\t\t\t\t<\/div>\n\t\t\t\t\t<\/div>\n\t\t\t\t<\/div>\n\t\t<div class=\"elementor-element elementor-element-507b5f7 e-flex e-con-boxed e-con e-parent\" data-id=\"507b5f7\" data-element_type=\"container\" data-e-type=\"container\">\n\t\t\t\t\t<div class=\"e-con-inner\">\n\t\t\t\t<div class=\"elementor-element elementor-element-c5650c1 elementor-widget elementor-widget-spacer\" data-id=\"c5650c1\" data-element_type=\"widget\" data-e-type=\"widget\" data-widget_type=\"spacer.default\">\n\t\t\t\t<div class=\"elementor-widget-container\">\n\t\t\t\t\t\t\t<div class=\"elementor-spacer\">\n\t\t\t<div class=\"elementor-spacer-inner\"><\/div>\n\t\t<\/div>\n\t\t\t\t\t\t<\/div>\n\t\t\t\t<\/div>\n\t\t\t\t<div class=\"elementor-element elementor-element-17ff82b elementor-widget elementor-widget-heading\" data-id=\"17ff82b\" data-element_type=\"widget\" data-e-type=\"widget\" id=\"etterem\" data-widget_type=\"heading.default\">\n\t\t\t\t<div class=\"elementor-widget-container\">\n\t\t\t\t\t<h2 class=\"elementor-heading-title elementor-size-default\">\u00c9tterem<\/h2>\t\t\t\t<\/div>\n\t\t\t\t<\/div>\n\t\t\t\t\t<\/div>\n\t\t\t\t<\/div>\n\t\t<div class=\"elementor-element elementor-element-cd05066 e-flex e-con-boxed e-con e-parent\" data-id=\"cd05066\" data-element_type=\"container\" data-e-type=\"container\">\n\t\t\t\t\t<div class=\"e-con-inner\">\n\t\t\t\t<div class=\"elementor-element elementor-element-bacbaf1 elementor-widget elementor-widget-heading\" data-id=\"bacbaf1\" data-element_type=\"widget\" data-e-type=\"widget\" data-widget_type=\"heading.default\">\n\t\t\t\t<div class=\"elementor-widget-container\">\n\t\t\t\t\t<h2 class=\"elementor-heading-title elementor-size-default\">Az \u00e9tterem mindennap 10:00 \u00e9s 22:00 \u00f3ra k\u00f6z\u00f6tt tart nyitva, emellett az \u00e9lm\u00e9nyf\u00fcrd\u0151 ter\u00fclet\u00e9n k\u00e9t b\u00fcf\u00e9 is a vend\u00e9gek rendelkez\u00e9s\u00e9re \u00e1ll.<\/h2>\t\t\t\t<\/div>\n\t\t\t\t<\/div>\n\t\t\t\t\t<\/div>\n\t\t\t\t<\/div>\n\t\t<div class=\"elementor-element elementor-element-4624102 e-flex e-con-boxed e-con e-parent\" data-id=\"4624102\" data-element_type=\"container\" data-e-type=\"container\">\n\t\t\t\t\t<div class=\"e-con-inner\">\n\t\t\t\t<div class=\"elementor-element elementor-element-da78369 elementor-widget elementor-widget-spacer\" data-id=\"da78369\" data-element_type=\"widget\" data-e-type=\"widget\" data-widget_type=\"spacer.default\">\n\t\t\t\t<div class=\"elementor-widget-container\">\n\t\t\t\t\t\t\t<div class=\"elementor-spacer\">\n\t\t\t<div class=\"elementor-spacer-inner\"><\/div>\n\t\t<\/div>\n\t\t\t\t\t\t<\/div>\n\t\t\t\t<\/div>\n\t\t\t\t<div class=\"elementor-element elementor-element-ffacb95 elementor-widget elementor-widget-html\" data-id=\"ffacb95\" data-element_type=\"widget\" data-e-type=\"widget\" data-widget_type=\"html.default\">\n\t\t\t\t<div class=\"elementor-widget-container\">\n\t\t\t\t\t<iframe src=\"https:\/\/api.wo-cloud.com\/content\/widget\/?geoObjectKey=11081307&language=hu&region=HU&timeFormat=HH:mm&windUnit=kmh&systemOfMeasurement=metric&temperatureUnit=celsius\" name=\"CW2\" scrolling=\"no\" width=\"318\" height=\"400\" frameborder=\"0\" style=\"border: 1px solid #10658E;border-radius: 8px\"><\/iframe>\t\t\t\t<\/div>\n\t\t\t\t<\/div>\n\t\t\t\t\t<\/div>\n\t\t\t\t<\/div>\n\t\t\t\t<\/div>\n\t\t","protected":false},"excerpt":{"rendered":"<p>L\u00e1togass el az Aquantis \u00c9lm\u00e9nyf\u00fcrd\u0151be, ahol a sz\u00f3rakoz\u00e1s \u00e9s a pihen\u00e9s t\u00f6k\u00e9letes harm\u00f3ni\u00e1ban tal\u00e1lkozik! \u00c9lvezd a v\u00edzi kalandokat a cs\u00faszd\u00e1n, lazulj a 36 fokos meleg viz\u0171 medenc\u00e9ben, vagy hozd el a gyerekeket a biztons\u00e1gos \u00e9s vid\u00e1m pancsol\u00f3ra! Az \u00e9lm\u00e9ny medence \u00e9s cs\u00faszdamedence izgalmas pillanatokat k\u00edn\u00e1l a feln\u0151tteknek \u00e9s a legkisebbeknek egyar\u00e1nt. B\u00e1rmilyen programot keresel \u2013 [&hellip;]<\/p>\n","protected":false},"author":1,"featured_media":0,"parent":0,"menu_order":0,"comment_status":"closed","ping_status":"closed","template":"","meta":{"footnotes":""},"class_list":["post-29","page","type-page","status-publish","hentry"],"_links":{"self":[{"href":"https:\/\/aquantis.hu\/index.php\/wp-json\/wp\/v2\/pages\/29","targetHints":{"allow":["GET"]}}],"collection":[{"href":"https:\/\/aquantis.hu\/index.php\/wp-json\/wp\/v2\/pages"}],"about":[{"href":"https:\/\/aquantis.hu\/index.php\/wp-json\/wp\/v2\/types\/page"}],"author":[{"embeddable":true,"href":"https:\/\/aquantis.hu\/index.php\/wp-json\/wp\/v2\/users\/1"}],"replies":[{"embeddable":true,"href":"https:\/\/aquantis.hu\/index.php\/wp-json\/wp\/v2\/comments?post=29"}],"version-history":[{"count":40,"href":"https:\/\/aquantis.hu\/index.php\/wp-json\/wp\/v2\/pages\/29\/revisions"}],"predecessor-version":[{"id":193,"href":"https:\/\/aquantis.hu\/index.php\/wp-json\/wp\/v2\/pages\/29\/revisions\/193"}],"wp:attachment":[{"href":"https:\/\/aquantis.hu\/index.php\/wp-json\/wp\/v2\/media?parent=29"}],"curies":[{"name":"wp","href":"https:\/\/api.w.org\/{rel}","templated":true}]}}